{"id":640,"date":"2021-05-31T08:24:46","date_gmt":"2021-05-31T08:24:46","guid":{"rendered":"https:\/\/strawproject.eu\/?page_id=640"},"modified":"2023-05-15T16:50:37","modified_gmt":"2023-05-15T16:50:37","slug":"publications-2","status":"publish","type":"page","link":"https:\/\/strawproject.eu\/?page_id=640","title":{"rendered":"Publications"},"content":{"rendered":"<!DOCTYPE html>\r\n<!-- \r\nWhen editing this page, please keep the following in mind:\r\n  - keep the initial html, head and body tags,\r\n  - indent each new tag, i.e. one list item should be spread over many rows,\r\n  - use em(phasis) tags rather than it(alics),\r\n  - use HTML symbols, such as &amp; and &ndash;.\r\nJL\r\n -->\r\n<html>\r\n  <head>\r\n    <meta charset=\"UTF-8\" \/>\r\n    <title>Bibliography<\/title>\r\n\r\n    <link rel=\"stylesheet\" href=\"css\/style.css\" \/>\r\n  <\/head>\r\n  <body>\r\n    <h2><strong>Journal publications<\/strong><\/h2>\r\n    <div class=\"apa-ref\">\r\n      <ul>\r\n        <li id=\"ref-Bolliger2020\">\r\n          Bolliger, L., Lukan, J., Lu\u0161trek, M., De Bacquer, D., &amp; Clays, E.\r\n          (2020). Protocol of the STRess at Work (STRAW) Project: How to\r\n          Disentangle Day-to-Day Occupational Stress among Academics Based on\r\n          EMA, Physiological Data, and Smartphone Sensor and Usage Data.\r\n          <em\r\n            >International Journal of Environmental Research and Public\r\n            Health<\/em\r\n          >, <em>17<\/em>(23), 8835. doi:<a\r\n            href=\"https:\/\/doi.org\/10.3390\/ijerph17238835\"\r\n            target=\"_blank\"\r\n            rel=\"noopener\"\r\n            >10.3390\/ijerph17238835<\/a\r\n          >.\r\n          <a\r\n            href=\"https:\/\/strawproject.eu\/wp-content\/uploads\/2021\/06\/ijerph-17-08835.pdf\"\r\n            target=\"_blank\"\r\n            rel=\"noopener\"\r\n            >Full text<\/a\r\n          >\r\n        <\/li>\r\n        <li id=\"ref-Bolliger2022a\">\r\n          Lukan, J., Bolliger, L., Pauwels, N.S., Lu\u0161trek M., De Bacquer D.,\r\n          &amp; Clays E. (2022). Work environment risk factors causing\r\n          day-to-day stress in occupational settings: A systematic review.\r\n          <em>BMC Public Health<\/em>, <em>22<\/em>(240). doi:<a\r\n            href=\"https:\/\/doi.org\/10.1186\/s12889-021-12354-8\"\r\n            target=\"_blank\"\r\n            rel=\"noopener\"\r\n            >10.1186\/s12889-021-12354-8<\/a\r\n          >.\r\n          <a\r\n            href=\"https:\/\/strawproject.eu\/wp-content\/uploads\/2022\/05\/3-Work-environment-risk-factors-.pdf\"\r\n            target=\"_blank\"\r\n            rel=\"noopener\"\r\n            >Full text<\/a\r\n          >\r\n        <\/li>\r\n        <li id=\"ref-Bolliger2022b\">\r\n          Bolliger L., Lukan J., Colman E., Boersma L., Lu\u0161trek M., De Bacquer\r\n          D., &amp; Clays E. (2022). Sources of Occupational Stress among Office\r\n          Workers: A Focus Group Study.\r\n          <em\r\n            >International Journal of Environmental Research and Public\r\n            Health<\/em\r\n          >, <em>19<\/em>(3), 1075. doi:\r\n          <a\r\n            href=\"https:\/\/doi.org\/10.3390\/ijerph19031075\"\r\n            target=\"_blank\"\r\n            rel=\"noopener\"\r\n            >10.3390\/ijerph19031075<\/a\r\n          >.\r\n          <a\r\n            href=\"https:\/\/strawproject.eu\/wp-content\/uploads\/2022\/05\/4-Sources-of-Occupational-Stress-among-Office-Workers\u2014A-Focus-Group-Study.pdf\"\r\n            target=\"_blank\"\r\n            rel=\"noopener\"\r\n            >Full text<\/a\r\n          >,\r\n          <a\r\n            href=\"https:\/\/strawproject.eu\/wp-content\/uploads\/2022\/06\/Blog-FG-study-LaTeX-version.pdf\"\r\n            target=\"_blank\"\r\n            rel=\"noopener\"\r\n            >blog<\/a\r\n          >\r\n        <\/li>\r\n        <li id=\"ref-Bolliger2022c\">\r\n          Bolliger, L., Debra, G., Lukan, J. Peeters, R., Colman, E., Baele, E.,\r\n          Lu\u0161trek, M., De Bacquer, D., &amp; Clays, E. (2023). The association\r\n          between day-to-day stress experiences and work&ndash;life interference\r\n          among office workers in academia: An ecological momentary assessment\r\n          study.\r\n          <em\r\n            >International archives of occupational and environmental health<\/em\r\n          >, <em>96<\/em>, 201&ndash;212. doi:\r\n          <a\r\n            href=\"https:\/\/doi.org\/10.1007\/s00420-022-01915-y\"\r\n            target=\"_blank\"\r\n            rel=\"noopener\"\r\n            >10.1007\/s00420-022-01915-y<\/a\r\n          >.\r\n        <\/li>\r\n        <li id=\"ref-Bolliger2022d\">\r\n          Bolliger L., Baele E., Colman E., Debra G., Lukan J., Lu\u0161trek, M., De\r\n          Bacquer, D., &amp; Clays, E. (2023). The association between\r\n          day-to-day stress experiences, recovery, and work engagement among\r\n          office workers in academia: An ecological momentary assessment study.\r\n          <em>PLOS ONE<\/em>, <em>18<\/em>(2), e0281556. doi:\r\n          <a\r\n            href=\"https:\/\/doi.org\/10.1371\/journal.pone.0281556\"\r\n            target=\"_blank\"\r\n            rel=\"noopener\"\r\n            >10.1371\/journal.pone.0281556<\/a\r\n          >.\r\n        <\/li>\r\n      <\/ul>\r\n      <h2><strong>Conference proceedings<\/strong><\/h2>\r\n      <ul>\r\n        <li id=\"ref-Trajanoska2018\">\r\n          Trajanoska, M., Katra\u0161nik, M., Lukan, J., Gjoreski, M., Gjoreski, H.,\r\n          &amp; Lu\u0161trek, M. (2018). Context-Aware Stress Detection in the AWARE\r\n          Framework. In\r\n          <em\r\n            >Proceedings of the 21st International Multiconference: Slovenian\r\n            Conference on Artificial Intelligence<\/em\r\n          >, Information Society, pp. 25&ndash;28. Ljubljana, Slovenia.\r\n          <a\r\n            href=\"https:\/\/strawproject.eu\/wp-content\/uploads\/2021\/06\/Context-Aware-Stress-Detection-in-the-AWARE-Framework.pdf\"\r\n            target=\"_blank\"\r\n            rel=\"noopener\"\r\n            >Full text<\/a\r\n          >\r\n        <\/li>\r\n        <li id=\"ref-Katrasnik2019\">\r\n          Katra\u0161nik, M., Lukan, J., Lu\u0161trek, M., &amp; \u0160truc, V. (2019). Razvoj\r\n          postopka diarizacije govorcev z algoritmi strojnega u\u010denja. In\r\n          <em\r\n            >Proceedings of the 22nd International Multiconference: Slovenian\r\n            Conference on Artificial Intelligence<\/em\r\n          >, Information Society, pp. 57&ndash;60. Ljubljana, Slovenia.\r\n          <a\r\n            href=\"https:\/\/strawproject.eu\/wp-content\/uploads\/2021\/06\/Razvoj-postopka-diarizacije-govorcev-z-algoritmi-strojnega-ucenja.pdf\"\r\n            target=\"_blank\"\r\n            rel=\"noopener\"\r\n            >Full text<\/a\r\n          >\r\n        <\/li>\r\n        <li id=\"ref-Lukan2020\">\r\n          Lukan, J., Katra\u0161nik, M., Bolliger, L., Clays, E., &amp; Lu\u0161trek, M.\r\n          (2020). STRAW Application for Collecting Context Data and Ecological\r\n          Momentary Assessment. In\r\n          <em\r\n            >Proceedings of the 23rd International Multiconference: Slovenian\r\n            Conference on Artificial Intelligence<\/em\r\n          >, Information Society, pp. 63&ndash;67. Ljubljana, Slovenia.\r\n          <a\r\n            href=\"https:\/\/strawproject.eu\/wp-content\/uploads\/2021\/06\/STRAW-Application-for-Collecting-Context-Data-and-Ecological-Momentary-Assessment-gecomprimeerd.pdf\"\r\n            target=\"_blank\"\r\n            rel=\"noopener\"\r\n            >Full text<\/a\r\n          >\r\n        <\/li>\r\n        <li id=\"ref-Janko2021\">\r\n          Janko, V., Bo\u0161tic, M., Lukan, J., &amp; Slapni\u010dar, G. (2021). Library\r\n          for feature calculation in the context-recognition domain. In\r\n          <em\r\n            >Proceedings of the 24th International Multiconference: Slovenian\r\n            Conference on Artificial Intelligence<\/em\r\n          >, Information Society, pp. 23&ndash;26. Ljubljana, Slovenia.\r\n        <\/li>\r\n        <li id=\"ref-Lukan2021\">\r\n          Lukan, J., Bolliger, L., Clays, E., Mayora, O., Osmani, V., &amp;\r\n          Lu\u0161trek, M. (2021). Participants&#8217; Experience and Adherence in Repeated\r\n          Measurement Studies Among Office-Based Workers. In\r\n          <em>\r\n            Adjunct Proceedings of the 2021 ACM International Joint Conference\r\n            on Pervasive and Ubiquitous Computing and Proceedings of the 2021\r\n            ACM International Symposium on Wearable Computers<\/em\r\n          >, 528&ndash;531. doi:\r\n          <a\r\n            href=\"https:\/\/doi.org\/10.1145\/3460418.3479367\"\r\n            target=\"_blank\"\r\n            rel=\"noopener\"\r\n            >10.1145\/3460418.3479367<\/a\r\n          >.\r\n          <a\r\n            href=\"https:\/\/strawproject.eu\/wp-content\/uploads\/2022\/05\/2-Participants-Experience-and-Adherence-in-Repeated-Measurement-Studies-Among-Office-Based-Workers.pdf\"\r\n            target=\"_blank\"\r\n            rel=\"noopener\"\r\n            >Full text<\/a\r\n          >\r\n        <\/li>\r\n        <li id=\"ref-Lukan2022\">\r\n          Lukan, J., Bolliger, L., Clays, E., \u0160i\u0161ko, P., &amp; Lu\u0161trek, M.\r\n          (2022). Assessing sources of variability of hierarchical data in a\r\n          repeated-measures diary study of stress. In\r\n          <em\r\n            >Proceedings of the 25th International Multiconference: Pervasive\r\n            Health and Smart Sensing<\/em\r\n          >, Information Society, pp. 31&ndash;34. Ljubljana, Slovenia.\r\n        <\/li>\r\n      <\/ul>\r\n      <h2><strong>Abstracts and posters<\/strong><\/h2>\r\n      <ul>\r\n        <li id=\"ref-Bolliger2018\">\r\n          Bolliger, L., Lukan, J., Lu\u0161trek, M., De Bacquer, D., &amp; Clays, E.\r\n          (2018).\r\n          <em\r\n            >Disentangling the sources and context of daily work stress: Study\r\n            protocol of a comprehensive real-time modelling study using portable\r\n            devices.<\/em\r\n          >\r\n          September 12&ndash;13, 2018. Employability 21. Leuven, Belgium.\r\n          <a\r\n            href=\"https:\/\/strawproject.eu\/wp-content\/uploads\/2022\/05\/8-Employability21-presentation.pdf\"\r\n            target=\"_blank\"\r\n            rel=\"noopener\"\r\n            >Presentation<\/a\r\n          >\r\n        <\/li>\r\n        <li id=\"ref-Bolliger2019postera\">\r\n          Bolliger, L., Lukan, J., Pauwels, N.S., Lu\u0161trek, M., De Bacquer, D.,\r\n          &amp; Clays, E. (2019).\r\n          <em\r\n            >Everyday stressors causing distress in the workplace: A systematic\r\n            review.<\/em\r\n          >\r\n          May 22&ndash;24, 2019. Wellbeing at Work in a Changing World:\r\n          Challenges and Opportunities. Paris, France.\r\n          <a\r\n            href=\"https:\/\/strawproject.eu\/wp-content\/uploads\/2021\/12\/Systematic-Review-Poster.pdf\"\r\n            target=\"_blank\"\r\n            rel=\"noopener\"\r\n            >Poster<\/a\r\n          >\r\n          <a\r\n            href=\"https:\/\/en.inrs.fr\/dms\/inrs\/PDF\/WAW-2019-book_of_abstracts.pdf\/WAW 2019-book_of_abstracts.pdf\"\r\n            target=\"_blank\"\r\n            rel=\"noopener\"\r\n            >Book of abstracts<\/a\r\n          >\r\n        <\/li>\r\n        <li id=\"ref-Bolliger2019posterb\">\r\n          Bolliger, L., Lukan, J., Lu\u0161trek, M., De Bacquer, D., &amp; Clays, E.\r\n          (2019).\r\n          <em\r\n            >Disentangling the sources and context of daily work stress: Study\r\n            protocol of a comprehensive real-time modelling study using portable\r\n            devices.<\/em\r\n          >\r\n          September 19&ndash;20, 2019. ProWorkNet Workshop. Sigtuna, Sweden.\r\n          <a\r\n            href=\"https:\/\/strawproject.eu\/wp-content\/uploads\/2022\/05\/Project-Poster.pdf\"\r\n            target=\"_blank\"\r\n            rel=\"noopener\"\r\n            >Poster<\/a\r\n          >\r\n        <\/li>\r\n        <li id=\"ref-Bolliger2021poster\">\r\n          Bolliger, L., Lukan, J., Lu\u0161trek, M., De Bacquer, D., &amp; Clays, E.\r\n          (2021).\r\n          <em\r\n            >STRAW Project: Disentangling the sources and context of day-to-day\r\n            STRess At Work.<\/em\r\n          >\r\n          June 7&ndash;12, 2021. International Congress of Behavioural Medicine.\r\n          <a\r\n            href=\"https:\/\/www.youtube.com\/watch?v=HxI6m64vw14\"\r\n            target=\"_blank\"\r\n            rel=\"noopener\"\r\n            >Video of online presentation<\/a\r\n          >\r\n        <\/li>\r\n        <li id=\"ref-Talbot2022\">\r\n          Talbot, C. (2022)\r\n          <em\r\n            >Unravelling the effects of acute stress outcomes on occupational\r\n            experiences: Piloting of the STRess at Work (STRAW) project in the\r\n            Australian workforce.<\/em\r\n          >\r\n          <a\r\n            href=\"https:\/\/strawproject.eu\/wp-content\/uploads\/2022\/06\/Unravelling-the-effects-of-acute-stress-outcomes-on-occupational-experiences-Piloting-of-the-STRess-at-Work-STRAW-Project-in-the-Australian-workforce-Abstract.pdf\"\r\n            target=\"_blank\"\r\n            rel=\"noopener\"\r\n            >Abstract<\/a\r\n          >\r\n        <\/li>\r\n      <\/ul>\r\n      <h2><strong>Fact sheets<\/strong><\/h2>\r\n      <ul>\r\n        <li id=\"ref-Colman2020\">\r\n          Colman, E. (2020). Using qualitative research methods to determine the\r\n          causes of distress at work.\r\n          <a\r\n            href=\"https:\/\/strawproject.eu\/wp-content\/uploads\/2022\/05\/13-Factsheet-Elena.pdf\"\r\n            target=\"_blank\"\r\n            rel=\"noopener\"\r\n            >Fact sheet<\/a\r\n          >\r\n        <\/li>\r\n        <li id=\"ref-Debra2021\">\r\n          Debra, G. (2021).Why EMA is suitable in measuring work-related stress.\r\n          <a\r\n            href=\"https:\/\/strawproject.eu\/wp-content\/uploads\/2022\/05\/14-Factsheet-Gillian.pdf\"\r\n            target=\"_blank\"\r\n            rel=\"noopener\"\r\n            >Fact sheet<\/a\r\n          >\r\n        <\/li>\r\n        <li id=\"ref-Talbot2022pres\">\r\n          Talbot, C., Weale, V. &amp; Oakman, J. (2022). Unravelling the effects\r\n          of acute stress outcomes on occupational experiences: Piloting of the\r\n          STRess at Work (STRAW) Project in the Australian workforce.\r\n          <a\r\n            href=\"https:\/\/strawproject.eu\/wp-content\/uploads\/2022\/06\/Unravelling-the-effects-of-acute-stress-outcomes-on-occupational-experiences-Piloting-of-the-STRess-at-Work-STRAW-Project-in-the-Australian-workforce-Presentation.pdf\"\r\n            target=\"_blank\"\r\n            rel=\"noopener\"\r\n            >Presentation<\/a\r\n          >\r\n        <\/li>\r\n      <\/ul>\r\n    <\/div>\r\n  <\/body>\r\n<\/html>\r\n","protected":false},"excerpt":{"rendered":"Bibliography Journal publications Bolliger, L., Lukan, J., Lu\u0161trek, M., De Bacquer, D., &amp; Clays, E. (2020). Protocol of the STRess at Work (STRAW) Project: How to Disentangle Day-to-Day Occupational Stress among Academics Based on EMA, Physiological Data, and Smartphone Sensor and Usage Data. International Journal of Environmental Research and Public Health, 17(23), 8835. doi:10.3390\/ijerph17238835. Full [&hellip;]","protected":false},"author":8,"featured_media":0,"parent":822,"menu_order":4,"comment_status":"closed","ping_status":"closed","template":"","meta":{"footnotes":""},"class_list":["post-640","page","type-page","status-publish","hentry"],"_links":{"self":[{"href":"https:\/\/strawproject.eu\/index.php?rest_route=\/wp\/v2\/pages\/640","targetHints":{"allow":["GET"]}}],"collection":[{"href":"https:\/\/strawproject.eu\/index.php?rest_route=\/wp\/v2\/pages"}],"about":[{"href":"https:\/\/strawproject.eu\/index.php?rest_route=\/wp\/v2\/types\/page"}],"author":[{"embeddable":true,"href":"https:\/\/strawproject.eu\/index.php?rest_route=\/wp\/v2\/users\/8"}],"replies":[{"embeddable":true,"href":"https:\/\/strawproject.eu\/index.php?rest_route=%2Fwp%2Fv2%2Fcomments&post=640"}],"version-history":[{"count":76,"href":"https:\/\/strawproject.eu\/index.php?rest_route=\/wp\/v2\/pages\/640\/revisions"}],"predecessor-version":[{"id":903,"href":"https:\/\/strawproject.eu\/index.php?rest_route=\/wp\/v2\/pages\/640\/revisions\/903"}],"up":[{"embeddable":true,"href":"https:\/\/strawproject.eu\/index.php?rest_route=\/wp\/v2\/pages\/822"}],"wp:attachment":[{"href":"https:\/\/strawproject.eu\/index.php?rest_route=%2Fwp%2Fv2%2Fmedia&parent=640"}],"curies":[{"name":"wp","href":"https:\/\/api.w.org\/{rel}","templated":true}]}}